{"id":1121,"date":"2017-05-03T19:59:03","date_gmt":"2017-05-04T00:59:03","guid":{"rendered":"http:\/\/www.umifoods.com\/umiblog\/?page_id=1121"},"modified":"2022-03-25T07:43:50","modified_gmt":"2022-03-25T12:43:50","slug":"recetas","status":"publish","type":"page","link":"https:\/\/www.umifoods.com\/umiblog\/","title":{"rendered":"Recetas"},"content":{"rendered":"","protected":false},"excerpt":{"rendered":"","protected":false},"author":1,"featured_media":0,"parent":0,"menu_order":0,"comment_status":"closed","ping_status":"closed","template":"","meta":{"footnotes":""},"class_list":["post-1121","page","type-page","status-publish","hentry"],"yoast_head":"<!-- This site is optimized with the Yoast SEO Premium plugin v18.0 (Yoast SEO v18.4.1) - https:\/\/yoast.com\/wordpress\/plugins\/seo\/ -->\n<title>Recetas - Recetas y Consejos UMI Foods<\/title>\n<meta name=\"robots\" content=\"index, follow, max-snippet:-1, max-image-preview:large, max-video-preview:-1\" \/>\n<link rel=\"canonical\" href=\"https:\/\/www.umifoods.com\/umiblog\/\" \/>\n<meta property=\"og:locale\" content=\"es_ES\" \/>\n<meta property=\"og:type\" content=\"article\" \/>\n<meta property=\"og:title\" content=\"Recetas\" \/>\n<meta property=\"og:url\" content=\"https:\/\/www.umifoods.com\/umiblog\/\" \/>\n<meta property=\"og:site_name\" content=\"Recetas y Consejos UMI Foods\" \/>\n<meta property=\"article:publisher\" content=\"https:\/\/www.facebook.com\/UmiFoodsOficial\" \/>\n<meta property=\"article:modified_time\" content=\"2022-03-25T12:43:50+00:00\" \/>\n<meta name=\"twitter:card\" content=\"summary_large_image\" \/>\n<!-- \/ Yoast SEO Premium plugin. -->","yoast_head_json":{"title":"Recetas - Recetas y Consejos UMI Foods","robots":{"index":"index","follow":"follow","max-snippet":"max-snippet:-1","max-image-preview":"max-image-preview:large","max-video-preview":"max-video-preview:-1"},"canonical":"https:\/\/www.umifoods.com\/umiblog\/","og_locale":"es_ES","og_type":"article","og_title":"Recetas","og_url":"https:\/\/www.umifoods.com\/umiblog\/","og_site_name":"Recetas y Consejos UMI Foods","article_publisher":"https:\/\/www.facebook.com\/UmiFoodsOficial","article_modified_time":"2022-03-25T12:43:50+00:00","twitter_card":"summary_large_image","schema":{"@context":"https:\/\/schema.org","@graph":[{"@type":"Organization","@id":"https:\/\/www.umifoods.com\/umiblog\/#organization","name":"UMI foods - Recetas","url":"https:\/\/www.umifoods.com\/umiblog\/","sameAs":["https:\/\/www.facebook.com\/UmiFoodsOficial","https:\/\/www.instagram.com\/Umi.foods\/","https:\/\/www.linkedin.com\/company\/umifoods\/","https:\/\/www.youtube.com\/channel\/UC6qMBP_fQpj7tALBdPX7TBg"],"logo":{"@type":"ImageObject","@id":"https:\/\/www.umifoods.com\/umiblog\/#logo","inLanguage":"es","url":"https:\/\/www.umifoods.com\/umiblog\/wp-content\/uploads\/sites\/3\/2022\/03\/umifoods-logo-footer.svg","contentUrl":"https:\/\/www.umifoods.com\/umiblog\/wp-content\/uploads\/sites\/3\/2022\/03\/umifoods-logo-footer.svg","width":197.268,"height":241.645,"caption":"UMI foods - Recetas"},"image":{"@id":"https:\/\/www.umifoods.com\/umiblog\/#logo"}},{"@type":"WebSite","@id":"https:\/\/www.umifoods.com\/umiblog\/#website","url":"https:\/\/www.umifoods.com\/umiblog\/","name":"Recetas y Consejos UMI Foods","description":"Recetas &amp; Consejos de cocina caseras y f\u00e1ciles. UMI Blog Cientos de recetas f\u00e1ciles r\u00e1pidas y econ\u00f3micas de hacer.","publisher":{"@id":"https:\/\/www.umifoods.com\/umiblog\/#organization"},"potentialAction":[{"@type":"SearchAction","target":{"@type":"EntryPoint","urlTemplate":"https:\/\/www.umifoods.com\/umiblog\/?s={search_term_string}"},"query-input":"required name=search_term_string"}],"inLanguage":"es"},{"@type":"WebPage","@id":"https:\/\/www.umifoods.com\/umiblog\/#webpage","url":"https:\/\/www.umifoods.com\/umiblog\/","name":"Recetas - Recetas y Consejos UMI Foods","isPartOf":{"@id":"https:\/\/www.umifoods.com\/umiblog\/#website"},"datePublished":"2017-05-04T00:59:03+00:00","dateModified":"2022-03-25T12:43:50+00:00","breadcrumb":{"@id":"https:\/\/www.umifoods.com\/umiblog\/#breadcrumb"},"inLanguage":"es","potentialAction":[{"@type":"ReadAction","target":["https:\/\/www.umifoods.com\/umiblog\/"]}]},{"@type":"BreadcrumbList","@id":"https:\/\/www.umifoods.com\/umiblog\/#breadcrumb","itemListElement":[{"@type":"ListItem","position":1,"name":"Home","item":"https:\/\/www.umifoods.com\/umiblog\/"},{"@type":"ListItem","position":2,"name":"Recetas"}]}]}},"acf":[],"_links":{"self":[{"href":"https:\/\/www.umifoods.com\/umiblog\/wp-json\/wp\/v2\/pages\/1121","targetHints":{"allow":["GET"]}}],"collection":[{"href":"https:\/\/www.umifoods.com\/umiblog\/wp-json\/wp\/v2\/pages"}],"about":[{"href":"https:\/\/www.umifoods.com\/umiblog\/wp-json\/wp\/v2\/types\/page"}],"author":[{"embeddable":true,"href":"https:\/\/www.umifoods.com\/umiblog\/wp-json\/wp\/v2\/users\/1"}],"replies":[{"embeddable":true,"href":"https:\/\/www.umifoods.com\/umiblog\/wp-json\/wp\/v2\/comments?post=1121"}],"version-history":[{"count":1,"href":"https:\/\/www.umifoods.com\/umiblog\/wp-json\/wp\/v2\/pages\/1121\/revisions"}],"predecessor-version":[{"id":1122,"href":"https:\/\/www.umifoods.com\/umiblog\/wp-json\/wp\/v2\/pages\/1121\/revisions\/1122"}],"wp:attachment":[{"href":"https:\/\/www.umifoods.com\/umiblog\/wp-json\/wp\/v2\/media?parent=1121"}],"curies":[{"name":"wp","href":"https:\/\/api.w.org\/{rel}","templated":true}]}}